{"id":95,"date":"2018-04-09T12:09:50","date_gmt":"2018-04-09T10:09:50","guid":{"rendered":"https:\/\/moria.prakinf.tu-ilmenau.de\/biber\/?page_id=95"},"modified":"2018-04-24T11:33:11","modified_gmt":"2018-04-24T09:33:11","slug":"data-warehouse-technologien","status":"publish","type":"page","link":"https:\/\/moria.prakinf.tu-ilmenau.de\/biber\/data-warehouse-technologien\/","title":{"rendered":"Data Warehouse Technologien"},"content":{"rendered":"<div style=\"line-height: 14pt;\"><span style=\"font-family: Tahoma; font-size: 80%; font-weight: bold;\">2. Auflage 2014<br \/>\nmitp-Verlag, Verlagsgruppe H\u00fcthig Jehle Rehm GmbH<br \/>\nHeidelberg<br \/>\nISBN 978-3-8266-9485-1<br \/>\nPreis: 29,99 Euro<\/span><\/div>\n<p>&nbsp;<\/p>\n<p>Dieses Lehrbuch behandelt Konzepte und Techniken von Data-Warehouse-Systemen, die eine wesentliche Komponente in betrieblichen Entscheidungsprozessen darstellen. Im Mittelpunkt stehen dabei Architekturprinzipien sowie die Umsetzung des multidimensionalen Datenw\u00fcrfels als zentrale Komponente des Data Warehouse. Die Zusammenf\u00fchrung der Daten aus verschiedenen betrieblichen und externen Quellen spielt eine ebenso wichtige Rolle wie Datenstrukturen und Algorithmen f\u00fcr die Realisierung von Speicher- und Indexstrukturen. Die Navigation im Datenw\u00fcrfel und die Anfrageverarbeitung sowie Anwendungen aus dem Themenfeld Business Intelligence geben einen Einblick in den Umgang mit dem Data Warehouse.<\/p>\n<p>Detailliert werden sowohl der Aufbau als auch die Nutzung von Data-Warehouse-Systemen beleuchtet. Dabei stehen Modellierungskonzepte und die Thematik der multidimensionalen Anfragen im Vordergrund. Zudem werden Interna wichtiger Systeml\u00f6sungen von Oracle, IBM und Microsoft anhand zahlreicher Beispiele erl\u00e4utert.<\/p>\n<p>Das Buch fokussiert auf relationale Umsetzungsstrategien des Data Warehouse. Es ist daher empfehlenswert, sich ebenfalls mit den Grundlagenwerken Datenbanken &#8211; Konzepte und Sprachen sowie Datenbanken \u2013 Implementierungstechniken auseinanderzusetzen; sie erlauben es dem Leser, die Konzepte aus Datenbanken f\u00fcr das Data Warehouse leichter zu transferieren. Das Buch ist geeignet f\u00fcr Studierende der Informatik oder verwandter F\u00e4cher im Masterbereich und bietet gleichzeitig auch dem Anwender bzw. Entwickler vertiefende Hintergrundinformationen zu aktuellen Data-Warehouse-Technologien.<\/p>\n<p><a href=\"https:\/\/moria.prakinf.tu-ilmenau.de\/biber\/data-warehouse-technologien-inhaltsverzeichnis\/\">Zum Inhaltsverzeichnis<\/a><\/p>\n","protected":false},"excerpt":{"rendered":"<p>2. Auflage 2014 mitp-Verlag, Verlagsgruppe H\u00fcthig Jehle Rehm GmbH Heidelberg ISBN 978-3-8266-9485-1 Preis: 29,99 Euro &nbsp; Dieses Lehrbuch behandelt Konzepte und Techniken von Data-Warehouse-Systemen, die eine wesentliche Komponente in betrieblichen Entscheidungsprozessen darstellen. Im Mittelpunkt stehen dabei Architekturprinzipien sowie die Umsetzung<\/p>\n","protected":false},"author":1,"featured_media":0,"parent":0,"menu_order":0,"comment_status":"closed","ping_status":"closed","template":"","meta":[],"_links":{"self":[{"href":"https:\/\/moria.prakinf.tu-ilmenau.de\/biber\/wp-json\/wp\/v2\/pages\/95"}],"collection":[{"href":"https:\/\/moria.prakinf.tu-ilmenau.de\/biber\/wp-json\/wp\/v2\/pages"}],"about":[{"href":"https:\/\/moria.prakinf.tu-ilmenau.de\/biber\/wp-json\/wp\/v2\/types\/page"}],"author":[{"embeddable":true,"href":"https:\/\/moria.prakinf.tu-ilmenau.de\/biber\/wp-json\/wp\/v2\/users\/1"}],"replies":[{"embeddable":true,"href":"https:\/\/moria.prakinf.tu-ilmenau.de\/biber\/wp-json\/wp\/v2\/comments?post=95"}],"version-history":[{"count":8,"href":"https:\/\/moria.prakinf.tu-ilmenau.de\/biber\/wp-json\/wp\/v2\/pages\/95\/revisions"}],"predecessor-version":[{"id":131,"href":"https:\/\/moria.prakinf.tu-ilmenau.de\/biber\/wp-json\/wp\/v2\/pages\/95\/revisions\/131"}],"wp:attachment":[{"href":"https:\/\/moria.prakinf.tu-ilmenau.de\/biber\/wp-json\/wp\/v2\/media?parent=95"}],"curies":[{"name":"wp","href":"https:\/\/api.w.org\/{rel}","templated":true}]}}