{"id":92,"date":"2018-04-09T12:06:46","date_gmt":"2018-04-09T10:06:46","guid":{"rendered":"https:\/\/moria.prakinf.tu-ilmenau.de\/biber\/?page_id=92"},"modified":"2019-07-07T16:02:25","modified_gmt":"2019-07-07T14:02:25","slug":"implementierungstechniken","status":"publish","type":"page","link":"https:\/\/moria.prakinf.tu-ilmenau.de\/biber\/implementierungstechniken\/","title":{"rendered":"Datenbanken: Implementierungstechniken"},"content":{"rendered":"<div style=\"line-height: 14pt;\"><span style=\"font-family: Tahoma; font-size: 80%; font-weight: bold;\">4. Auflage 2019<br \/>\nmitp-Verlag<br \/>\nFrechen<br \/>\nISBN 978-3-95845-779-9<br \/>\nPreis: 39,99 Euro<\/span><\/div>\n<p>&nbsp;<\/p>\n<p>Dieses Buch behandelt Konzepte und Techniken der Implementierung von Datenbanksystemen, die heutzutage die Kernkomponente von Informationssystemen darstellen. Im Mittelpunkt stehen dabei Architekturprinzipien sowie Internas von DBMS wie Datenstrukturen und Algorithmen f\u00fcr die Verwaltung von Externspeichern, die Realisierung von Speicher- und Indexstrukturen, die Anfrageverarbeitung und -optimierung, die Transaktionsverwaltung und die Wiederherstellung der Datenbank im Fehlerfall. Das Buch bildet den Folgeband zum Grundlagenwerk &#8222;Datenbanken &#8211; Konzepte und Sprachen&#8220; der gleichen Autoren. Beide B\u00fccher zusammen decken damit in alle wesentlichen Aspekte von Datenbanksystemen ab, die f\u00fcr ein Studierende der Informatik oder verwandter F\u00e4cher im Bachelorbereich relevant sind und bieten gleichzeitig auch dem Anwender bzw. Entwickler vertiefende Hintergrundinformationen zu aktuellen Datenbanktechnologien.<\/p>\n<p>Die vierte Auflage dieses Buches geht auf aktuelle Entwicklungen f\u00fcr Multicore-Prozessoren und neue Speichermedien sowie auf alternative Speichermodelle, verbesserte Anfrageoptimierer und neuere Transaktionsmodelle ein. So werden neue Datenbank-Architekturen wie Row und Column Stores, eine weitergehende semantische Anfrageoptimierung sowie erweiterte Konzepte der Transaktionsverwaltung (Pr\u00e4dikatsperren, Indexsperren, Bereichssperren, Snapshot Isolation, und weitere) erl\u00e4utert.<\/p>\n<p><a href=\"https:\/\/moria.prakinf.tu-ilmenau.de\/biber\/implementierungstechniken-inhaltsverzeichnis\/\">Zum Inhaltsverzeichnis<\/a><\/p>\n","protected":false},"excerpt":{"rendered":"<p>4. Auflage 2019 mitp-Verlag Frechen ISBN 978-3-95845-779-9 Preis: 39,99 Euro &nbsp; Dieses Buch behandelt Konzepte und Techniken der Implementierung von Datenbanksystemen, die heutzutage die Kernkomponente von Informationssystemen darstellen. Im Mittelpunkt stehen dabei Architekturprinzipien sowie Internas von DBMS wie Datenstrukturen und<\/p>\n","protected":false},"author":1,"featured_media":0,"parent":0,"menu_order":0,"comment_status":"closed","ping_status":"closed","template":"","meta":[],"_links":{"self":[{"href":"https:\/\/moria.prakinf.tu-ilmenau.de\/biber\/wp-json\/wp\/v2\/pages\/92"}],"collection":[{"href":"https:\/\/moria.prakinf.tu-ilmenau.de\/biber\/wp-json\/wp\/v2\/pages"}],"about":[{"href":"https:\/\/moria.prakinf.tu-ilmenau.de\/biber\/wp-json\/wp\/v2\/types\/page"}],"author":[{"embeddable":true,"href":"https:\/\/moria.prakinf.tu-ilmenau.de\/biber\/wp-json\/wp\/v2\/users\/1"}],"replies":[{"embeddable":true,"href":"https:\/\/moria.prakinf.tu-ilmenau.de\/biber\/wp-json\/wp\/v2\/comments?post=92"}],"version-history":[{"count":6,"href":"https:\/\/moria.prakinf.tu-ilmenau.de\/biber\/wp-json\/wp\/v2\/pages\/92\/revisions"}],"predecessor-version":[{"id":221,"href":"https:\/\/moria.prakinf.tu-ilmenau.de\/biber\/wp-json\/wp\/v2\/pages\/92\/revisions\/221"}],"wp:attachment":[{"href":"https:\/\/moria.prakinf.tu-ilmenau.de\/biber\/wp-json\/wp\/v2\/media?parent=92"}],"curies":[{"name":"wp","href":"https:\/\/api.w.org\/{rel}","templated":true}]}}