{"id":84,"date":"2018-04-09T12:01:37","date_gmt":"2018-04-09T10:01:37","guid":{"rendered":"https:\/\/moria.prakinf.tu-ilmenau.de\/biber\/?page_id=84"},"modified":"2019-07-07T16:06:03","modified_gmt":"2019-07-07T14:06:03","slug":"konzepte-und-sprachen","status":"publish","type":"page","link":"https:\/\/moria.prakinf.tu-ilmenau.de\/biber\/konzepte-und-sprachen\/","title":{"rendered":"Datenbanken: Konzepte und Sprachen"},"content":{"rendered":"<p><strong>6. Auflage 2018<\/strong><br \/>\n<strong>mitp-Verlag<\/strong><br \/>\n<strong>Frechen<\/strong><br \/>\n<strong>ISBN 978-3-95845-776-8 <\/strong><br \/>\n<strong>Preis: 39,99 Euro<\/strong><\/p>\n<p>Datenbanken sind eines der wichtigsten Teilgebiete der Informatik und dank Big Data, Industrie 4.0, Internet of Things &amp; Co. m\u00fcssen immer mehr Daten effizient verwaltet, performant analysiert und sinnvoll ausgegeben werden.<\/p>\n<p>Das Buch behandelt systematisch und fundiert die wichtigsten Konzepte und Sprachen, die f\u00fcr den Einsatz von Datenbanksystemen und die Entwicklung von Datenbankanwendungen eine Rolle spielen. Die Grundlagen relationaler Datenbanken werden dabei umfassend erkl\u00e4rt. Die Autoren gehen au\u00dferdem auf Theorie, Entwurfsmethoden sowie Sprachkonzepte f\u00fcr relationale Datenbanken inklusive der ausf\u00fchrlichen Behandlung von SQL ein. Des Weiteren werden Alternativen und Erweiterungen von Datenbankmodellen vorgestellt.<\/p>\n<p>Eine durchgehende Beispielanwendung liefert einen wertvollen Praxisbezug und hilft Ihnen dabei, die zugrundeliegenden theoretischen Konzepte besser zu verstehen. Zusammenfassungen und \u00dcbungsaufgaben am Ende eines jeden Kapitels erleichtern Ihnen au\u00dferdem das Selbststudium und erm\u00f6glichen Ihnen eine optimale Pr\u00fcfungsvorbereitung.<\/p>\n<p>Das Buch eignet sich als Lehrbuch f\u00fcr Studierende der Informatik und verwandter F\u00e4cher, aber auch f\u00fcr Anwender und Entwickler, die sich \u00fcber aktuelle Datenbanktechnologie genauer informieren m\u00f6chten. Zus\u00e4tzliche Kapitel sind als kostenloser Download verf\u00fcgbar.<\/p>\n<p><a href=\"https:\/\/moria.prakinf.tu-ilmenau.de\/biber\/konzepte-und-sprachen-inhalt\/\">Zum Inhaltsverzeichnis<\/a><\/p>\n<p>&nbsp;<\/p>\n<p><strong>Buchbesprechung in der c&#8217;t, Heft 21 (2018)<\/strong><\/p>\n<h4>Vollkornkost f\u00fcr Datenbankiers<\/h4>\n<p><em>\u201e\u00c4hnlich langlebig wie manche Datenbank ist das Buch von Saake, Sattler und Heuer \u2013 es liegt bereits in sechster Auflage vor. Bei der \u00dcberarbeitung haben die Autoren viel Sorgfalt darauf verwendet, Inhalte an aktuelle Verh\u00e4ltnisse anzupassen und alte Z\u00f6pfe abzuschneiden.\u201c<\/em><\/p>\n<p><em>[\u2026.]<\/em><\/p>\n<p><em>\u201eDas schn\u00f6rkellose, kompetent geschriebene Lehrbuch leistet Studenten und angehenden Entwicklern durchweg gute Dienste.\u201c<\/em><\/p>\n<p>Die vollst\u00e4ndige Rezension findet sich in der Zeitschrift c\u2018t, Heise-Verlag, Heft 21 (2018), Seite 186, Autor: Maik Schmidt<\/p>\n","protected":false},"excerpt":{"rendered":"<p>6. Auflage 2018 mitp-Verlag Frechen ISBN 978-3-95845-776-8 Preis: 39,99 Euro Datenbanken sind eines der wichtigsten Teilgebiete der Informatik und dank Big Data, Industrie 4.0, Internet of Things &amp; Co. m\u00fcssen immer mehr Daten effizient verwaltet, performant analysiert und sinnvoll ausgegeben<\/p>\n","protected":false},"author":1,"featured_media":0,"parent":0,"menu_order":0,"comment_status":"closed","ping_status":"closed","template":"","meta":[],"_links":{"self":[{"href":"https:\/\/moria.prakinf.tu-ilmenau.de\/biber\/wp-json\/wp\/v2\/pages\/84"}],"collection":[{"href":"https:\/\/moria.prakinf.tu-ilmenau.de\/biber\/wp-json\/wp\/v2\/pages"}],"about":[{"href":"https:\/\/moria.prakinf.tu-ilmenau.de\/biber\/wp-json\/wp\/v2\/types\/page"}],"author":[{"embeddable":true,"href":"https:\/\/moria.prakinf.tu-ilmenau.de\/biber\/wp-json\/wp\/v2\/users\/1"}],"replies":[{"embeddable":true,"href":"https:\/\/moria.prakinf.tu-ilmenau.de\/biber\/wp-json\/wp\/v2\/comments?post=84"}],"version-history":[{"count":7,"href":"https:\/\/moria.prakinf.tu-ilmenau.de\/biber\/wp-json\/wp\/v2\/pages\/84\/revisions"}],"predecessor-version":[{"id":222,"href":"https:\/\/moria.prakinf.tu-ilmenau.de\/biber\/wp-json\/wp\/v2\/pages\/84\/revisions\/222"}],"wp:attachment":[{"href":"https:\/\/moria.prakinf.tu-ilmenau.de\/biber\/wp-json\/wp\/v2\/media?parent=84"}],"curies":[{"name":"wp","href":"https:\/\/api.w.org\/{rel}","templated":true}]}}