{"id":54,"date":"2018-03-07T09:24:02","date_gmt":"2018-03-07T08:24:02","guid":{"rendered":"https:\/\/moria.prakinf.tu-ilmenau.de\/biber\/?page_id=54"},"modified":"2018-05-02T22:27:29","modified_gmt":"2018-05-02T20:27:29","slug":"startseite","status":"publish","type":"page","link":"https:\/\/moria.prakinf.tu-ilmenau.de\/biber\/","title":{"rendered":"Startseite"},"content":{"rendered":"<p>Die Biber-Buch-Reihe ist eine seit 1995 ver\u00f6ffentlichte Lehrbuchreihe zu Datenbankthemen. Die Lehrb\u00fccher sind f\u00fcr die Lehre an Universit\u00e4ten und Fachhochschulen gedacht und adressieren Studierende der Informatik und angrenzender F\u00e4cher im Bachelor- und Masterbereich. Gleichzeitig liefern sie aber auch Praktikern eine fundierte Basis.<\/p>\n<p>Die Autoren sind Professoren f\u00fcr Datenbank- und Informationssysteme \u2013 Andreas Heuer an der Universit\u00e4t Rostock, Gunter Saake an der Universit\u00e4t Magdeburg und Kai-Uwe Sattler an der TU Ilmenau.<\/p>\n","protected":false},"excerpt":{"rendered":"<p>Die Biber-Buch-Reihe ist eine seit 1995 ver\u00f6ffentlichte Lehrbuchreihe zu Datenbankthemen. Die Lehrb\u00fccher sind f\u00fcr die Lehre an Universit\u00e4ten und Fachhochschulen gedacht und adressieren Studierende der Informatik und angrenzender F\u00e4cher im Bachelor- und Masterbereich. Gleichzeitig liefern sie aber auch Praktikern eine<\/p>\n","protected":false},"author":1,"featured_media":0,"parent":0,"menu_order":0,"comment_status":"closed","ping_status":"closed","template":"","meta":[],"_links":{"self":[{"href":"https:\/\/moria.prakinf.tu-ilmenau.de\/biber\/wp-json\/wp\/v2\/pages\/54"}],"collection":[{"href":"https:\/\/moria.prakinf.tu-ilmenau.de\/biber\/wp-json\/wp\/v2\/pages"}],"about":[{"href":"https:\/\/moria.prakinf.tu-ilmenau.de\/biber\/wp-json\/wp\/v2\/types\/page"}],"author":[{"embeddable":true,"href":"https:\/\/moria.prakinf.tu-ilmenau.de\/biber\/wp-json\/wp\/v2\/users\/1"}],"replies":[{"embeddable":true,"href":"https:\/\/moria.prakinf.tu-ilmenau.de\/biber\/wp-json\/wp\/v2\/comments?post=54"}],"version-history":[{"count":5,"href":"https:\/\/moria.prakinf.tu-ilmenau.de\/biber\/wp-json\/wp\/v2\/pages\/54\/revisions"}],"predecessor-version":[{"id":139,"href":"https:\/\/moria.prakinf.tu-ilmenau.de\/biber\/wp-json\/wp\/v2\/pages\/54\/revisions\/139"}],"wp:attachment":[{"href":"https:\/\/moria.prakinf.tu-ilmenau.de\/biber\/wp-json\/wp\/v2\/media?parent=54"}],"curies":[{"name":"wp","href":"https:\/\/api.w.org\/{rel}","templated":true}]}}