{"id":299,"date":"2020-10-05T09:48:27","date_gmt":"2020-10-05T07:48:27","guid":{"rendered":"https:\/\/moria.prakinf.tu-ilmenau.de\/biber\/?page_id=299"},"modified":"2020-10-07T09:29:19","modified_gmt":"2020-10-07T07:29:19","slug":"datenbanken-kompaktkurs","status":"publish","type":"page","link":"https:\/\/moria.prakinf.tu-ilmenau.de\/biber\/datenbanken-kompaktkurs\/","title":{"rendered":"Datenbanken Kompaktkurs"},"content":{"rendered":"\n<p><strong>1. Auflage 2020<br>mitp-Verlag<br>Frechen<br>ISBN 978-3-95845-782-9<br>Preis: 24,99 Euro<\/strong><\/p>\n\n\n\n<p>Datenbanken haben sich zu einem unverzichtbaren Bestandteil jeglicher Informationssysteme entwickelt, um gr\u00f6\u00dfere Mengen strukturierter Daten verwalten, wiederauffinden und analysieren zu k\u00f6nnen.<\/p>\n\n\n\n<p>Die Autoren vermitteln fundiert und kompakt die zum Verst\u00e4ndnis und auch zur Entwicklung solcher Systeme notwendigen Kenntnisse aus den Bereichen Datenbankentwurf, Datenmodellierung, Daten\u00e4nderungen und Datenanalysen und stellen die relationale Datenbanksprache SQL ausf\u00fchrlich vor. Alle Konzepte und Sprachelemente erl\u00e4utern die Autoren anhand von zwei durchg\u00e4ngigen Beispielen.<\/p>\n\n\n\n<p>Des Weiteren besprechen die Autoren Themen wie Nutzersichten, Datenschutz, Integrit\u00e4tssicherung, Tuning von Datenbankanwendungen sowie statistische Datenanalysen (Data Warehousing, Data Mining). Sie erl\u00e4utern auch neuere Entwicklungen wie NoSQL-Datenbanksysteme, spaltenorientierte Speicherungsformen und die Analyse von Big Data.&nbsp;<\/p>\n\n\n\n<p>Das Buch richtet sich vor allem an Sch\u00fcler und Studenten au\u00dferhalb des Fachbereichs Informatik, die schnell und dennoch fundiert die Grundlagen zur Entwicklung und zum Einsatz von Datenbanken lernen wollen. \u00dcbungsaufgaben am Ende jedes Kapitels machen das Buch ideal f\u00fcr Studium und Selbststudium.<\/p>\n\n\n\n<p><strong>Aus dem Inhalt<\/strong><\/p>\n\n\n\n<ul><li>Was sind Datenbanken?<\/li><li>Relationale Datenbanken: Daten als Tabellen<\/li><li>Das Entity-Relationship-Modell<\/li><li>Datenbankentwurf&nbsp;<\/li><li>Normalisierung f\u00fcr eine redundanzfreie Datenbank<\/li><li>Datendefinition und Updates in SQL<\/li><li>Anfragen in SQL<\/li><li>Sichten und Datenschutz<\/li><li>Integrit\u00e4t und Trigger<\/li><li>Statistische Datenanalysen (Data Warehousing, Data Mining)<\/li><li>Arbeitsweise eines DBMS und Tuning<\/li><li>OLTP- und OLAP-Systeme<\/li><li>Row und Column Stores, NoSQL und NewSQL<\/li><li>Ausblick inklusive Verarbeitung von Big Data<\/li><li>Zwei durchg\u00e4ngige Beispiele mit Datenbankentwurf und relationaler Repr\u00e4sentation<\/li><\/ul>\n\n\n\n<p><strong>Downloads<\/strong><\/p>\n\n\n\n<p><a href=\"https:\/\/moria.prakinf.tu-ilmenau.de\/biber\/wp-content\/uploads\/2020\/10\/20200930-Tabellenverzeichnis.pdf\">Tabellenverzeichnis<\/a><\/p>\n\n\n\n<p><a href=\"https:\/\/moria.prakinf.tu-ilmenau.de\/biber\/wp-content\/uploads\/2020\/10\/20200930-Abbildungsverzeichnis.pdf\">Abbildungsverzeichnis<\/a><\/p>\n\n\n\n<p><a href=\"https:\/\/moria.prakinf.tu-ilmenau.de\/biber\/wp-content\/uploads\/2020\/10\/20200930-Glossar.pdf\">Glossar<\/a><\/p>\n\n\n\n<p><a href=\"https:\/\/moria.prakinf.tu-ilmenau.de\/biber\/wp-content\/uploads\/2020\/10\/20200930-Leitfaden-fuer-ein-begleitendes-Praktikum.pdf\">Leitfaden f\u00fcr ein begleitendes Praktikum <\/a><\/p>\n\n\n\n<p><a href=\"https:\/\/moria.prakinf.tu-ilmenau.de\/biber\/wp-content\/uploads\/2020\/10\/20200930-Loesungen-der-Uebungsaufgaben.pdf\">L\u00f6sungen der \u00dcbungsaufgaben<\/a><\/p>\n\n\n\n<p><\/p>\n\n\n\n<p><\/p>\n\n\n\n<p><\/p>\n\n\n\n<p><\/p>\n","protected":false},"excerpt":{"rendered":"<p>1. Auflage 2020mitp-VerlagFrechenISBN 978-3-95845-782-9Preis: 24,99 Euro Datenbanken haben sich zu einem unverzichtbaren Bestandteil jeglicher Informationssysteme entwickelt, um gr\u00f6\u00dfere Mengen strukturierter Daten verwalten, wiederauffinden und analysieren zu k\u00f6nnen. Die Autoren vermitteln fundiert und kompakt die zum Verst\u00e4ndnis und auch zur Entwicklung<\/p>\n","protected":false},"author":1,"featured_media":0,"parent":0,"menu_order":0,"comment_status":"closed","ping_status":"closed","template":"","meta":[],"_links":{"self":[{"href":"https:\/\/moria.prakinf.tu-ilmenau.de\/biber\/wp-json\/wp\/v2\/pages\/299"}],"collection":[{"href":"https:\/\/moria.prakinf.tu-ilmenau.de\/biber\/wp-json\/wp\/v2\/pages"}],"about":[{"href":"https:\/\/moria.prakinf.tu-ilmenau.de\/biber\/wp-json\/wp\/v2\/types\/page"}],"author":[{"embeddable":true,"href":"https:\/\/moria.prakinf.tu-ilmenau.de\/biber\/wp-json\/wp\/v2\/users\/1"}],"replies":[{"embeddable":true,"href":"https:\/\/moria.prakinf.tu-ilmenau.de\/biber\/wp-json\/wp\/v2\/comments?post=299"}],"version-history":[{"count":10,"href":"https:\/\/moria.prakinf.tu-ilmenau.de\/biber\/wp-json\/wp\/v2\/pages\/299\/revisions"}],"predecessor-version":[{"id":320,"href":"https:\/\/moria.prakinf.tu-ilmenau.de\/biber\/wp-json\/wp\/v2\/pages\/299\/revisions\/320"}],"wp:attachment":[{"href":"https:\/\/moria.prakinf.tu-ilmenau.de\/biber\/wp-json\/wp\/v2\/media?parent=299"}],"curies":[{"name":"wp","href":"https:\/\/api.w.org\/{rel}","templated":true}]}}